{"id":3476,"date":"2024-11-14T09:33:33","date_gmt":"2024-11-14T09:33:33","guid":{"rendered":"https:\/\/www.artsdivoire.com\/?post_type=product&#038;p=3476"},"modified":"2024-11-15T00:53:30","modified_gmt":"2024-11-15T00:53:30","slug":"la-recolte","status":"publish","type":"product","link":"https:\/\/www.artsdivoire.com\/en\/products\/la-recolte","title":{"rendered":"La r\u00e9colte"},"content":{"rendered":"","protected":false},"excerpt":{"rendered":"<p>Cette toile nous parle de r\u00e9colte en milieu rural.<br \/>\nR\u00e9colte faite par nos braves m\u00e8res.<br \/>\nMani\u00e8re de rendre hommage \u00e0 nos m\u00e8res qui se sacrifies pour nous.<\/p>","protected":false},"featured_media":3499,"template":"","meta":[],"product_brand":[],"product_cat":[351],"product_tag":[326],"class_list":{"0":"post-3476","1":"product","2":"type-product","3":"status-publish","4":"has-post-thumbnail","6":"product_cat-collages","7":"product_tag-acrylique","9":"first","10":"instock","11":"shipping-taxable","12":"purchasable","13":"product-type-simple"},"_links":{"self":[{"href":"https:\/\/www.artsdivoire.com\/en\/wp-json\/wp\/v2\/product\/3476","targetHints":{"allow":["GET"]}}],"collection":[{"href":"https:\/\/www.artsdivoire.com\/en\/wp-json\/wp\/v2\/product"}],"about":[{"href":"https:\/\/www.artsdivoire.com\/en\/wp-json\/wp\/v2\/types\/product"}],"version-history":[{"count":1,"href":"https:\/\/www.artsdivoire.com\/en\/wp-json\/wp\/v2\/product\/3476\/revisions"}],"predecessor-version":[{"id":3477,"href":"https:\/\/www.artsdivoire.com\/en\/wp-json\/wp\/v2\/product\/3476\/revisions\/3477"}],"wp:featuredmedia":[{"embeddable":true,"href":"https:\/\/www.artsdivoire.com\/en\/wp-json\/wp\/v2\/media\/3499"}],"wp:attachment":[{"href":"https:\/\/www.artsdivoire.com\/en\/wp-json\/wp\/v2\/media?parent=3476"}],"wp:term":[{"taxonomy":"product_brand","embeddable":true,"href":"https:\/\/www.artsdivoire.com\/en\/wp-json\/wp\/v2\/product_brand?post=3476"},{"taxonomy":"product_cat","embeddable":true,"href":"https:\/\/www.artsdivoire.com\/en\/wp-json\/wp\/v2\/product_cat?post=3476"},{"taxonomy":"product_tag","embeddable":true,"href":"https:\/\/www.artsdivoire.com\/en\/wp-json\/wp\/v2\/product_tag?post=3476"}],"curies":[{"name":"wp","href":"https:\/\/api.w.org\/{rel}","templated":true}]}}